{"id":379,"date":"2019-11-01T13:56:14","date_gmt":"2019-11-01T10:56:14","guid":{"rendered":"https:\/\/www.netsite.com.tr\/referanslar\/"},"modified":"2019-11-05T13:01:33","modified_gmt":"2019-11-05T10:01:33","slug":"references","status":"publish","type":"page","link":"https:\/\/www.netsite.com.tr\/en\/references\/","title":{"rendered":"References"},"content":{"rendered":"<p><img loading=\"lazy\" decoding=\"async\" class=\"aligncenter size-full wp-image-140\" src=\"https:\/\/www.netsite.com.tr\/wp-content\/uploads\/2019\/11\/referanslar-resim.jpg\" alt=\"\" width=\"1000\" height=\"400\" srcset=\"https:\/\/www.netsite.com.tr\/wp-content\/uploads\/2019\/11\/referanslar-resim.jpg 1000w, https:\/\/www.netsite.com.tr\/wp-content\/uploads\/2019\/11\/referanslar-resim-800x320.jpg 800w, https:\/\/www.netsite.com.tr\/wp-content\/uploads\/2019\/11\/referanslar-resim-300x120.jpg 300w, https:\/\/www.netsite.com.tr\/wp-content\/uploads\/2019\/11\/referanslar-resim-768x307.jpg 768w, https:\/\/www.netsite.com.tr\/wp-content\/uploads\/2019\/11\/referanslar-resim-260x104.jpg 260w, https:\/\/www.netsite.com.tr\/wp-content\/uploads\/2019\/11\/referanslar-resim-50x20.jpg 50w, https:\/\/www.netsite.com.tr\/wp-content\/uploads\/2019\/11\/referanslar-resim-150x60.jpg 150w\" sizes=\"auto, (max-width:767px) 480px, (max-width:1000px) 100vw, 1000px\" \/><\/p>\n<ul class=\"list_star\">\n<li>TPAO Veri Merkezi Kurulmas\u0131<\/li>\n<li>\u0130\u015f-Kur Veri Merkezi Kurulmas\u0131<\/li>\n<li>Ordu Giresun Havaliman\u0131<\/li>\n<li>Aselsan G\u00f6lba\u015f\u0131 Fabrika Network Altyap\u0131<\/li>\n<li>Aselsan Yunus Projesi<\/li>\n<li>Aselsan Net Jemus Projesi<\/li>\n<li>Aselsan Net 112 Projesi<\/li>\n<li>\u00d6zalt\u0131n Holding Gloria Sports Arena<\/li>\n<li>\u00d6zalt\u0131n Holding Genel M\u00fcd\u00fcrl\u00fck Binas\u0131<\/li>\n<li>\u00d6zalt\u0131n Holding Gloria Serenity Resort<\/li>\n<li>\u00d6zalt\u0131n Holding Gloria Golf ve Verde Resort<\/li>\n<li>TC Kamu \u0130hale Kurumu Hacettepe Teknokent ARGE Binas\u0131<\/li>\n<li>Devlet Malzeme Ofisi Genel M\u00fcd\u00fcrl\u00fc\u011f\u00fc Veri Merkezi<\/li>\n<li>Devlet Malzeme Ofisi A-C Blok Yap\u0131sal Kablolama<\/li>\n<li>Y\u00fcksek \u00d6\u011frenim Kredi ve Yurtlar Genel M\u00fcd\u00fcrl\u00fc\u011f\u00fc<\/li>\n<li>ABB Elektrik Sanayi A.\u015e.<\/li>\n<li>IRAQ University of Sulaimani<\/li>\n<li>K\u00fclt\u00fcr \u00dcniversitesi<\/li>\n<li>Turkcell Global Bilgi \u00c7a\u011fr\u0131 Merkezi<\/li>\n<li>Win Bilgi Hizmetleri A.\u015e.<\/li>\n<li>Kamu \u0130hale Kurumu<\/li>\n<li>Milenicom Telecom<\/li>\n<li>TBWA Reklam Hizmetleri A.\u015e.<\/li>\n<li>Philip Morris<\/li>\n<li>Toyota A.\u015e. Adapazar\u0131 Fabrikas\u0131<\/li>\n<li>G.E.C. Alsthom (Areva)<\/li>\n<li>GDF Suez Izgaz<\/li>\n<li>GDF Suez<\/li>\n<li>Schneider<\/li>\n<li>Emerson<\/li>\n<li>Organik Kimya A.\u015e.\/Organik Holding A.\u015e.<\/li>\n<li>B.T.C Kons\u00f6rsiyum<\/li>\n<li>Bota\u015f Genel M\u00fcd\u00fcrl\u00fc\u011f\u00fc<\/li>\n<li>K\u0131br\u0131s Odt\u00fc<\/li>\n<li>K\u0131br\u0131s \u0130ktisad Bank<\/li>\n<li>K\u0131br\u0131s Asbank<\/li>\n<li>K\u0131br\u0131s Credit WestBank (Alt\u0131nba\u015f Holding A.\u015e.)<\/li>\n<li>K\u0131br\u0131s Y\u00fcksek Mahkemeler<\/li>\n<li>K\u0131br\u0131s Elektrik \u0130daresi<\/li>\n<li>K\u0131br\u0131s New Island Education (Uluslararas\u0131 K\u0131br\u0131s \u00dcniversitesi)<\/li>\n<li>Ayn\u0131 Grup Novabank ve Lemar Ma\u011fazalar\u0131, Levent Motor<\/li>\n<li>K\u0131br\u0131s Koopbank (Kooperatif Merkez Bankas\u0131)<\/li>\n<li>K\u0131br\u0131s Kart Merkezi<\/li>\n<li>K\u0131br\u0131s \u0130lkay-M Gen\u00e7 Ltd<\/li>\n<li>K\u0131r\u0131kkale \u00dcniversitesi<\/li>\n<li>Sarar Tekstil A.\u015e.<\/li>\n<li>Alvimedica A.\u015e. (Alarko Holding)<\/li>\n<li>T\u00fcpra\u015f T\u00fcrkiye Petrol Rafinerileri<\/li>\n<li>Boydak Grubu ( Boyta\u015f Fabrikalar\u0131)<\/li>\n<li>MAN Diesel<\/li>\n<li>G\u00f6lta\u015f , Orma ve El\u00e7a Fabrikalar\u0131<\/li>\n<li>Kayseri ASOS Thermal Resort<\/li>\n<li>Jandarma Okullar\u0131 Komutanl\u0131\u011f\u0131<\/li>\n<li>Af\u015fin Elbistan K\u00f6m\u00fcr Havzas\u0131<\/li>\n<li>Alanya Cortez Rezort<\/li>\n<li>Eczac\u0131ba\u015f\u0131 Kaynak Tekni\u011fi A.\u015e.<\/li>\n<li>Antalya Havaliman\u0131 IC Fairport<\/li>\n<li>Ericsson \u2013 Superonline<\/li>\n<li>Baydemirler Tekstil A.\u015e.<\/li>\n<li>T\u00fcbitak SAGE (Ankara)<\/li>\n<li>Wittur Asans\u00f6r<\/li>\n<\/ul>\n","protected":false},"excerpt":{"rendered":"<p>TPAO Veri Merkezi Kurulmas\u0131 \u0130\u015f-Kur Veri Merkezi Kurulmas\u0131 Ordu Giresun Havaliman\u0131 Aselsan G\u00f6lba\u015f\u0131 Fabrika Network Altyap\u0131 Aselsan Yunus Projesi Aselsan Net Jemus Projesi Aselsan Net 112<span class=\"excerpt-hellip\"> [\u2026]<\/span><\/p>\n","protected":false},"author":1,"featured_media":0,"parent":0,"menu_order":0,"comment_status":"closed","ping_status":"closed","template":"","meta":{"rs_blank_template":"","rs_page_bg_color":"","slide_template_v7":"","footnotes":""},"class_list":["post-379","page","type-page","status-publish","hentry"],"_links":{"self":[{"href":"https:\/\/www.netsite.com.tr\/en\/wp-json\/wp\/v2\/pages\/379","targetHints":{"allow":["GET"]}}],"collection":[{"href":"https:\/\/www.netsite.com.tr\/en\/wp-json\/wp\/v2\/pages"}],"about":[{"href":"https:\/\/www.netsite.com.tr\/en\/wp-json\/wp\/v2\/types\/page"}],"author":[{"embeddable":true,"href":"https:\/\/www.netsite.com.tr\/en\/wp-json\/wp\/v2\/users\/1"}],"replies":[{"embeddable":true,"href":"https:\/\/www.netsite.com.tr\/en\/wp-json\/wp\/v2\/comments?post=379"}],"version-history":[{"count":2,"href":"https:\/\/www.netsite.com.tr\/en\/wp-json\/wp\/v2\/pages\/379\/revisions"}],"predecessor-version":[{"id":381,"href":"https:\/\/www.netsite.com.tr\/en\/wp-json\/wp\/v2\/pages\/379\/revisions\/381"}],"wp:attachment":[{"href":"https:\/\/www.netsite.com.tr\/en\/wp-json\/wp\/v2\/media?parent=379"}],"curies":[{"name":"wp","href":"https:\/\/api.w.org\/{rel}","templated":true}]}}