{"id":358,"date":"2019-11-01T11:16:40","date_gmt":"2019-11-01T08:16:40","guid":{"rendered":"https:\/\/www.netsite.com.tr\/sertifikalar\/"},"modified":"2019-11-05T12:55:19","modified_gmt":"2019-11-05T09:55:19","slug":"certificates","status":"publish","type":"page","link":"https:\/\/www.netsite.com.tr\/en\/certificates\/","title":{"rendered":"Certificates"},"content":{"rendered":"<p><img loading=\"lazy\" decoding=\"async\" class=\"aligncenter size-full wp-image-62\" src=\"https:\/\/www.netsite.com.tr\/wp-content\/uploads\/2019\/11\/sertifikalar-resim.jpg\" alt=\"\" width=\"1000\" height=\"400\" srcset=\"https:\/\/www.netsite.com.tr\/wp-content\/uploads\/2019\/11\/sertifikalar-resim.jpg 1000w, https:\/\/www.netsite.com.tr\/wp-content\/uploads\/2019\/11\/sertifikalar-resim-800x320.jpg 800w, https:\/\/www.netsite.com.tr\/wp-content\/uploads\/2019\/11\/sertifikalar-resim-300x120.jpg 300w, https:\/\/www.netsite.com.tr\/wp-content\/uploads\/2019\/11\/sertifikalar-resim-768x307.jpg 768w, https:\/\/www.netsite.com.tr\/wp-content\/uploads\/2019\/11\/sertifikalar-resim-260x104.jpg 260w, https:\/\/www.netsite.com.tr\/wp-content\/uploads\/2019\/11\/sertifikalar-resim-50x20.jpg 50w, https:\/\/www.netsite.com.tr\/wp-content\/uploads\/2019\/11\/sertifikalar-resim-150x60.jpg 150w\" sizes=\"auto, (max-width:767px) 480px, (max-width:1000px) 100vw, 1000px\" \/><\/p>\n<p>Here are the Quallity Certificates, Trainings and Specialties of Netsite in IT Sector with 5 engineers, 14 technicians, 2 Sales and management staff.<\/p>\n<ul>\n<li><strong>Specialties<\/strong><\/li>\n<li>Cisco Advanced Unified Communication,<\/li>\n<li>Cisco Advanced Wireless LAN,<\/li>\n<li>Cisco Small Business,<\/li>\n<li>Cisco Smart Care Service<\/li>\n<li>Cisco Regular Try And Buy<\/li>\n<li>Cisco ATP, TelePresence Video Express<\/li>\n<li>Bosch IP-CCTV.<\/li>\n<li>Milestone XProtect Enterprise 6.5<\/li>\n<li>Milestone XProtect Corporate 3.0<\/li>\n<li>Milestone XProtect Analytics 2.0<\/li>\n<li>Axis<\/li>\n<\/ul>\n<p><strong>Networking Trainings<\/strong><\/p>\n<ul>\n<li>Cisco Call Manager Express Training (Armada)<\/li>\n<li>Cisco Voice Over IP ( Netron)<\/li>\n<li>Designing for Cisco \u0130nternetwork Solutions ( Netron)<\/li>\n<li>\u0130mplementing Cisco Quality of Service (Netron)<\/li>\n<li>Cisco Nexus DataCenter Switch Installation ( Akademitech)<\/li>\n<li>HP Procurve Switch Installation Trainings (Bilgi Adam)<\/li>\n<li>Avaya IP Telephone Training<\/li>\n<\/ul>\n<p><strong>Training and Certifications in Structural Cabling<\/strong><\/p>\n<ul>\n<li>AMP, HCS ,Brand-Rex.Legrand<\/li>\n<\/ul>\n<p><strong>Security Certificate, Specialties and Attendance to Trainings<\/strong><\/p>\n<ul>\n<li>Check Point Practical R70 (\u0130nfonet)<\/li>\n<li>CheckPoint R75.40 GA\u0130A Operating System Installation) Bilgin\u00e7 IT Akademi, \u0130nfonet)<\/li>\n<li>Cisco ASA Firewall Installation (Akademitech)<\/li>\n<li>Websense<\/li>\n<li>Sonicwall<\/li>\n<\/ul>\n\n\t\t\t<style type='text\/css'>\n\t\t\t\t#sc_gallery-1 {\n\t\t\t\t\tmargin: auto;\n\t\t\t\t}\n\t\t\t\t#sc_gallery-1 .gallery-item {\n\t\t\t\t\tfloat: left;\n\t\t\t\t\ttext-align: center;\n\t\t\t\t\twidth: 19.99%;\n\t\t\t\t}\n\t\t\t\t#sc_gallery-1 img {\n\t\t\t\t\tborder: 2px solid #cfcfcf;\n\t\t\t\t}\n\t\t\t\t\/* see sc_gallery() in functions\/theme-shortcodes.php *\/\n\t\t\t<\/style>\n\t\t<div id='sc_gallery-1' class='gallery galleryid-358 gallery-columns-5 gallery-size-thumbnail file element_classes gallery-default'><dl class='gallery-item'  data-title='iso_27001' data-description=''><div class='gallery-item-wrapper'>\n\t\t\t\t<dt class='gallery-icon portrait'>\n\t\t\t\t\t<a href='https:\/\/www.netsite.com.tr\/wp-content\/uploads\/2019\/11\/iso_27001.jpg'><img loading=\"lazy\" decoding=\"async\" width=\"150\" height=\"150\" src=\"https:\/\/www.netsite.com.tr\/wp-content\/uploads\/2019\/11\/iso_27001-150x150.jpg\" class=\"attachment-thumbnail size-thumbnail\" alt=\"\" srcset=\"https:\/\/www.netsite.com.tr\/wp-content\/uploads\/2019\/11\/iso_27001-150x150.jpg 150w, https:\/\/www.netsite.com.tr\/wp-content\/uploads\/2019\/11\/iso_27001-300x300.jpg 300w, https:\/\/www.netsite.com.tr\/wp-content\/uploads\/2019\/11\/iso_27001-85x85.jpg 85w, https:\/\/www.netsite.com.tr\/wp-content\/uploads\/2019\/11\/iso_27001-80x80.jpg 80w\" sizes=\"auto, (max-width:767px) 150px, 150px\" \/><\/a>\n\t\t\t\t<\/dt><\/div><\/dl><dl class='gallery-item'  data-title='iso-9001' data-description=''><div class='gallery-item-wrapper'>\n\t\t\t\t<dt class='gallery-icon portrait'>\n\t\t\t\t\t<a href='https:\/\/www.netsite.com.tr\/wp-content\/uploads\/2019\/11\/iso-9001.jpg'><img loading=\"lazy\" decoding=\"async\" width=\"150\" height=\"150\" src=\"https:\/\/www.netsite.com.tr\/wp-content\/uploads\/2019\/11\/iso-9001-150x150.jpg\" class=\"attachment-thumbnail size-thumbnail\" alt=\"\" srcset=\"https:\/\/www.netsite.com.tr\/wp-content\/uploads\/2019\/11\/iso-9001-150x150.jpg 150w, https:\/\/www.netsite.com.tr\/wp-content\/uploads\/2019\/11\/iso-9001-300x300.jpg 300w, https:\/\/www.netsite.com.tr\/wp-content\/uploads\/2019\/11\/iso-9001-85x85.jpg 85w, https:\/\/www.netsite.com.tr\/wp-content\/uploads\/2019\/11\/iso-9001-80x80.jpg 80w\" sizes=\"auto, (max-width:767px) 150px, 150px\" \/><\/a>\n\t\t\t\t<\/dt><\/div><\/dl><dl class='gallery-item'  data-title='iso14001' data-description=''><div class='gallery-item-wrapper'>\n\t\t\t\t<dt class='gallery-icon portrait'>\n\t\t\t\t\t<a href='https:\/\/www.netsite.com.tr\/wp-content\/uploads\/2019\/11\/iso14001.jpg'><img loading=\"lazy\" decoding=\"async\" width=\"150\" height=\"150\" src=\"https:\/\/www.netsite.com.tr\/wp-content\/uploads\/2019\/11\/iso14001-150x150.jpg\" class=\"attachment-thumbnail size-thumbnail\" alt=\"\" srcset=\"https:\/\/www.netsite.com.tr\/wp-content\/uploads\/2019\/11\/iso14001-150x150.jpg 150w, https:\/\/www.netsite.com.tr\/wp-content\/uploads\/2019\/11\/iso14001-300x300.jpg 300w, https:\/\/www.netsite.com.tr\/wp-content\/uploads\/2019\/11\/iso14001-85x85.jpg 85w, https:\/\/www.netsite.com.tr\/wp-content\/uploads\/2019\/11\/iso14001-80x80.jpg 80w, https:\/\/www.netsite.com.tr\/wp-content\/uploads\/2019\/11\/iso14001-755x750.jpg 755w\" sizes=\"auto, (max-width:767px) 150px, 150px\" \/><\/a>\n\t\t\t\t<\/dt><\/div><\/dl><dl class='gallery-item'  data-title='ohsas18001' data-description=''><div class='gallery-item-wrapper'>\n\t\t\t\t<dt class='gallery-icon portrait'>\n\t\t\t\t\t<a href='https:\/\/www.netsite.com.tr\/wp-content\/uploads\/2019\/11\/ohsas18001.jpg'><img loading=\"lazy\" decoding=\"async\" width=\"150\" height=\"150\" src=\"https:\/\/www.netsite.com.tr\/wp-content\/uploads\/2019\/11\/ohsas18001-150x150.jpg\" class=\"attachment-thumbnail size-thumbnail\" alt=\"\" srcset=\"https:\/\/www.netsite.com.tr\/wp-content\/uploads\/2019\/11\/ohsas18001-150x150.jpg 150w, https:\/\/www.netsite.com.tr\/wp-content\/uploads\/2019\/11\/ohsas18001-300x300.jpg 300w, https:\/\/www.netsite.com.tr\/wp-content\/uploads\/2019\/11\/ohsas18001-85x85.jpg 85w, https:\/\/www.netsite.com.tr\/wp-content\/uploads\/2019\/11\/ohsas18001-80x80.jpg 80w, https:\/\/www.netsite.com.tr\/wp-content\/uploads\/2019\/11\/ohsas18001-749x750.jpg 749w\" sizes=\"auto, (max-width:767px) 150px, 150px\" \/><\/a>\n\t\t\t\t<\/dt><\/div><\/dl>\n\t\t\t\t<br style='clear: both' \/>\n\t\t\t<\/div>\n\n","protected":false},"excerpt":{"rendered":"<p>Here are the Quallity Certificates, Trainings and Specialties of Netsite in IT Sector with 5 engineers, 14 technicians, 2 Sales and management staff. Specialties Cisco Advanced<span class=\"excerpt-hellip\"> [\u2026]<\/span><\/p>\n","protected":false},"author":1,"featured_media":0,"parent":0,"menu_order":0,"comment_status":"closed","ping_status":"closed","template":"","meta":{"rs_blank_template":"","rs_page_bg_color":"","slide_template_v7":"","footnotes":""},"class_list":["post-358","page","type-page","status-publish","hentry"],"_links":{"self":[{"href":"https:\/\/www.netsite.com.tr\/en\/wp-json\/wp\/v2\/pages\/358","targetHints":{"allow":["GET"]}}],"collection":[{"href":"https:\/\/www.netsite.com.tr\/en\/wp-json\/wp\/v2\/pages"}],"about":[{"href":"https:\/\/www.netsite.com.tr\/en\/wp-json\/wp\/v2\/types\/page"}],"author":[{"embeddable":true,"href":"https:\/\/www.netsite.com.tr\/en\/wp-json\/wp\/v2\/users\/1"}],"replies":[{"embeddable":true,"href":"https:\/\/www.netsite.com.tr\/en\/wp-json\/wp\/v2\/comments?post=358"}],"version-history":[{"count":3,"href":"https:\/\/www.netsite.com.tr\/en\/wp-json\/wp\/v2\/pages\/358\/revisions"}],"predecessor-version":[{"id":369,"href":"https:\/\/www.netsite.com.tr\/en\/wp-json\/wp\/v2\/pages\/358\/revisions\/369"}],"wp:attachment":[{"href":"https:\/\/www.netsite.com.tr\/en\/wp-json\/wp\/v2\/media?parent=358"}],"curies":[{"name":"wp","href":"https:\/\/api.w.org\/{rel}","templated":true}]}}